{"id":904,"date":"2018-06-13T22:22:19","date_gmt":"2018-06-13T22:22:19","guid":{"rendered":"http:\/\/wapacha.cat\/?page_id=904"},"modified":"2018-10-11T13:58:16","modified_gmt":"2018-10-11T13:58:16","slug":"diversity","status":"publish","type":"page","link":"https:\/\/wapacha.cat\/es\/diversity\/","title":{"rendered":"Diversity"},"content":{"rendered":"<p>[et_pb_section bb_built=\u00bb1&#8243; admin_label=\u00bbsection\u00bb transparent_background=\u00bboff\u00bb background_color=\u00bb#c6006d\u00bb allow_player_pause=\u00bboff\u00bb inner_shadow=\u00bboff\u00bb parallax=\u00bboff\u00bb parallax_method=\u00bbon\u00bb custom_padding=\u00bb0px||0px|\u00bb padding_mobile=\u00bboff\u00bb make_fullwidth=\u00bboff\u00bb use_custom_width=\u00bboff\u00bb width_unit=\u00bboff\u00bb custom_width_px=\u00bb1080px\u00bb custom_width_percent=\u00bb80{e47b2838832aeb2fe7266ccda2e36b01ee0d3353ef91ee8b5d270a3f08114494}\u00bb make_equal=\u00bboff\u00bb use_custom_gutter=\u00bboff\u00bb fullwidth=\u00bbon\u00bb specialty=\u00bboff\u00bb disabled=\u00bboff\u00bb custom_padding_tablet=\u00bb50px|0|50px|0&#8243; custom_padding_last_edited=\u00bbon|desktop\u00bb next_background_color=\u00bb#ffffff\u00bb][et_pb_fullwidth_header admin_label=\u00bbFullwidth Header\u00bb title=\u00bbWapacha Diversity. La inclusi\u00f3n a trav\u00e9s del baile\u00bb scroll_down_icon=\u00bb3&#8243; subhead_font_size=\u00bb20px\u00bb button_one_text_size=\u00bb20&#8243; button_two_text_size=\u00bb20&#8243; disabled=\u00bboff\u00bb background_color=\u00bbrgba(255, 255, 255, 0)\u00bb max_width_tablet=\u00bb50px\u00bb content_max_width=\u00bb100%\u00bb _builder_version=\u00bb3.15&#8243; \/][\/et_pb_section][et_pb_section bb_built=\u00bb1&#8243; admin_label=\u00bbsection\u00bb transparent_background=\u00bboff\u00bb allow_player_pause=\u00bboff\u00bb inner_shadow=\u00bboff\u00bb parallax=\u00bboff\u00bb parallax_method=\u00bbon\u00bb padding_mobile=\u00bboff\u00bb make_fullwidth=\u00bboff\u00bb use_custom_width=\u00bboff\u00bb width_unit=\u00bboff\u00bb custom_width_px=\u00bb1080px\u00bb custom_width_percent=\u00bb80%\u00bb make_equal=\u00bboff\u00bb use_custom_gutter=\u00bboff\u00bb fullwidth=\u00bboff\u00bb specialty=\u00bboff\u00bb disabled=\u00bboff\u00bb custom_padding_tablet=\u00bb50px|0|50px|0&#8243; custom_padding_last_edited=\u00bbon|desktop\u00bb prev_background_color=\u00bb#c6006d\u00bb next_background_color=\u00bb#000000&#8243;][et_pb_row admin_label=\u00bbrow\u00bb make_fullwidth=\u00bboff\u00bb use_custom_width=\u00bboff\u00bb width_unit=\u00bboff\u00bb custom_width_px=\u00bb1080px\u00bb custom_width_percent=\u00bb80%\u00bb use_custom_gutter=\u00bboff\u00bb gutter_width=\u00bb3&#8243; padding_mobile=\u00bboff\u00bb allow_player_pause=\u00bboff\u00bb parallax=\u00bboff\u00bb parallax_method=\u00bbon\u00bb make_equal=\u00bboff\u00bb column_padding_mobile=\u00bbon\u00bb parallax_1=\u00bboff\u00bb parallax_method_1=\u00bbon\u00bb parallax_2=\u00bboff\u00bb parallax_method_2=\u00bbon\u00bb parallax_3=\u00bboff\u00bb parallax_method_3=\u00bbon\u00bb parallax_4=\u00bboff\u00bb parallax_method_4=\u00bbon\u00bb disabled=\u00bboff\u00bb background_position=\u00bbtop_left\u00bb background_repeat=\u00bbrepeat\u00bb background_size=\u00bbinitial\u00bb][et_pb_column type=\u00bb4_4&#8243;][et_pb_text admin_label=\u00bbText\u00bb header_text_color=\u00bb#c6006d\u00bb text_line_height=\u00bb2em\u00bb use_border_color=\u00bboff\u00bb disabled=\u00bboff\u00bb background_position=\u00bbtop_left\u00bb background_repeat=\u00bbrepeat\u00bb background_size=\u00bbinitial\u00bb _builder_version=\u00bb3.15&#8243;]<\/p>\n<div style=\"text-align: justify;\"><\/div>\n<div style=\"text-align: justify;\">\n<h2>Qui\u00e9nes somos  <\/h2>\n<p><strong><span style=\"color: #c6006d;\"><strong><span style=\"color: #c6006d;\"><img decoding=\"async\" loading=\"lazy\" class=\"alignright wp-image-951\" src=\"..\/wp-content\/uploads\/2018\/06\/Wapacha-Diversity-Chicos.jpg\" alt=\"\" width=\"600\" height=\"450\" srcset=\"https:\/\/wapacha.cat\/wp-content\/uploads\/2018\/06\/Wapacha-Diversity-Chicos.jpg 750w, https:\/\/wapacha.cat\/wp-content\/uploads\/2018\/06\/Wapacha-Diversity-Chicos-300x225.jpg 300w, https:\/\/wapacha.cat\/wp-content\/uploads\/2018\/06\/Wapacha-Diversity-Chicos-510x382.jpg 510w\" sizes=\"(max-width: 600px) 100vw, 600px\" \/>WapachaDiversity<\/span><\/strong><\/span><\/strong>&nbsp;<br \/>\nes un Club de baile deportivo sin \u00e1nimo de lucro dedicado a promover la inclusi\u00f3n de las personas con discapacidad f\u00edsica y\/o intelectual a trav\u00e9s del Baile deportivo.<\/p>\n<\/div>\n<div style=\"text-align: justify;\"><\/div>\n<div style=\"text-align: justify;\"><\/div>\n<div style=\"text-align: justify;\"><\/div>\n<div style=\"text-align: justify;\"><strong><span style=\"color: #c6006d;\">WapachaDiversity<\/span><\/strong>&nbsp;es entender que hay personas con capacidades diversas y que todas tienen mucho que aportar y mucho que decir.<\/div>\n<div style=\"text-align: justify;\"><\/div>\n<div style=\"text-align: justify;\"><\/div>\n<div style=\"text-align: justify;\"><\/div>\n<div style=\"text-align: justify;\"><\/div>\n<div style=\"text-align: justify;\"><strong><span style=\"color: #c6006d;\">WapachaDiversity<\/span><\/strong>&nbsp;lucha por a\u00f1adir herramientas a las mochilas de sus usuarios, cartas para que en un futuro m\u00e1s cercano o m\u00e1s lejano,  las puedan jugar\u2026<br \/>\nEnse\u00f1amos a usar estas herramientas para gestionar su d\u00eda a d\u00eda en diferentes situaciones.<br \/>\nA trav\u00e9s de la competici\u00f3n aprenden que la vida, como el deporte, no es la suma de \u00e9xitos constantes, sino la suma de \u00e9xitos y fracasos de los que siempre hay que sacar jugo para crecer y sumar.\n<\/div>\n<div style=\"text-align: justify;\"><\/div>\n<div style=\"text-align: justify;\"><\/div>\n<div style=\"text-align: justify;\">\n<p><strong><span style=\"color: #c6006d;\">WapachaDiversity<\/span><\/strong>&nbsp;es tolerancia, esfuerzo, inclusi\u00f3n, respeto, generosidad, cooperaci\u00f3n, empat\u00eda, igualdad, equidad, pluralismo, y diversidad.<\/p>\n<h2><\/h2>\n<h2><\/h2>\n<h2><\/h2>\n<h2><\/h2>\n<h2>El baile deportivo<\/h2>\n<p>El baile deportivo es un deporte minoritario reconocido por el Consejo Superior de Deportes como deporte en Abril de 2006, en el que tienen cabida diferentes disciplinas de baile (bailes standard, latino-americanos, coreogr\u00e1fico, hip hop, etc.), y que tiene dos vertientes : de competici\u00f3n y social que se pueden practicar de forma individual, en pareja, en grupo, y cualquiera de ellas en silla de ruedas.<br \/>\nComo deporte tiene una t\u00e9cnica tipificada con unas caracter\u00edsticas que lo hacen singular:<br \/>\n&#8211;\tEn la pr\u00e1ctica de pareja, propone igualdad al 100% entre ambos sexos, de manera que atletas masculinos y femeninos compiten ante otros de forma simult\u00e1nea y en la misma pista de competici\u00f3n.<br \/>\n&#8211;\tEst\u00e1 dotado de unas caracter\u00edsticas pl\u00e1sticas y est\u00e9ticas peculiares que lo hacen atractivo ante el p\u00fablico que lo sigue.<\/p>\n<h2><\/h2>\n<h2><\/h2>\n<h2><\/h2>\n<h2><\/h2>\n<h2>Un poco de historia<\/h2>\n<p><img decoding=\"async\" loading=\"lazy\" class=\"wp-image-962 alignleft size-medium\" src=\"..\/wp-content\/uploads\/2018\/06\/wapacha-logo-300x177.png\" alt=\"\" width=\"300\" height=\"177\" srcset=\"https:\/\/wapacha.cat\/wp-content\/uploads\/2018\/06\/wapacha-logo-300x177.png 300w, https:\/\/wapacha.cat\/wp-content\/uploads\/2018\/06\/wapacha-logo-768x453.png 768w, https:\/\/wapacha.cat\/wp-content\/uploads\/2018\/06\/wapacha-logo-1024x604.png 1024w, https:\/\/wapacha.cat\/wp-content\/uploads\/2018\/06\/wapacha-logo-1080x637.png 1080w\" sizes=\"(max-width: 300px) 100vw, 300px\" \/>\uf0fc En el a\u00f1o2011, Isabel P\u00e9rez, Directora de las Escuelas de Baile Wapachay presidenta del Club de baile deportivo Wapacha,especialmente sensibilizada con el tema de la discapacidad, se empe\u00f1\u00f3 en poner sus escuelas y a los profesionales que las integraban a trabajar de forma altruista para favorecer la inclusi\u00f3n de ni\u00f1os y j\u00f3venes con discapacidad a trav\u00e9s del baile deportivo en el Club que se honraba en presidir.<\/p>\n<\/div>\n<div style=\"text-align: justify;\"><\/div>\n<div style=\"text-align: justify;\">\uf0fc Se trataba de un proyecto tan innovador como ambicioso que se materializ\u00f3 en la puesta en marcha, dentro del marco del Club de BallEsportiu Wapacha (en adelante,&nbsp;<strong><span style=\"color: #c6006d;\">WapachaDiversity<\/span><\/strong>), club sin \u00e1nimo de lucro, de un programa de trabajo con un objetivo claro: la inclusi\u00f3n social de discapacitados f\u00edsicos y\/o intelectuales.<\/div>\n<div style=\"text-align: justify;\"><\/div>\n<div style=\"text-align: justify;\">\n<p>\uf0fc La idea era aparentemente sencilla: preparar parejas mixtas de baile, uniendo a un chico o chica discapacitado con un alumno, sin discapacidad, del club de baile y aprender juntos las distintas disciplinas de baile deportivo.<br \/>\nDesde entonces ni\u00f1os, j\u00f3venes y adultos, desde los 5 a\u00f1os de edad, aportan su tiempo y esfuerzo como parejas de baile voluntarios. Y ni\u00f1os y j\u00f3venes de ambos sexos con discapacidad participan de forma entusiasta en el proyecto convirti\u00e9ndose con el tiempo en unos bailarines esforzados y llenos de talento.<\/p>\n<h2><\/h2>\n<h2><\/h2>\n<h2><\/h2>\n<h2><\/h2>\n<h2>Deporte inclusivo vs deporte adaptado  <\/h2>\n<p>\uf0fc El deporte adaptado consiste en adaptar una disciplina deportiva, en este caso el baile, a las necesidades de las personas con discapacidad.<\/p>\n<\/div>\n<div style=\"text-align: justify;\"><\/div>\n<div style=\"text-align: justify;\">\uf0fc En el deporte inclusivo, en cambio, la persona con discapacidad practica un deporte junto a personas sin discapacidad: son las personas las que se adaptan al deporte y no el deporte a ellas. Esta es la opci\u00f3n elegida por &nbsp;<strong><span style=\"color: #c6006d;\">WapachaDiversity<\/span><\/strong>.<\/div>\n<div style=\"text-align: justify;\"><\/div>\n<div style=\"text-align: justify;\">\uf0fc El deporte inclusivo, adem\u00e1s de aportar beneficio f\u00edsico y mental, consigue mejorar la calidad de vida y la inclusi\u00f3n social de las personas con discapacidad.<\/div>\n<div style=\"text-align: justify;\"><\/div>\n<div style=\"text-align: justify;\">\n<p>\uf0fc La inclusi\u00f3n ayuda a vencer la discriminaci\u00f3n porque promueve la aceptaci\u00f3n de las diferencias<\/p>\n<h2><\/h2>\n<h2><\/h2>\n<h2><\/h2>\n<h2><\/h2>\n<h2>El tri\u00e1ngulo del \u00e9xito<\/h2>\n<p>\uf0fc En el projecto&nbsp;<strong><span style=\"color: #c6006d;\">WapachaDiversity<\/span><\/strong>&nbsp;existen tres protagonistas que suman esfuerzos, que crecen gracias a la comunicaci\u00f3n y que  hacen posible el \u00e9xito y la continuidad del trabajo realizado. <img decoding=\"async\" loading=\"lazy\" class=\"aligncenter wp-image-958\" src=\"..\/wp-content\/uploads\/2018\/06\/piramide-1024x735.jpg\" alt=\"\" width=\"500\" height=\"359\" srcset=\"https:\/\/wapacha.cat\/wp-content\/uploads\/2018\/06\/piramide-1024x735.jpg 1024w, https:\/\/wapacha.cat\/wp-content\/uploads\/2018\/06\/piramide-300x215.jpg 300w, https:\/\/wapacha.cat\/wp-content\/uploads\/2018\/06\/piramide-768x551.jpg 768w, https:\/\/wapacha.cat\/wp-content\/uploads\/2018\/06\/piramide.jpg 1072w\" sizes=\"(max-width: 500px) 100vw, 500px\" \/><\/p>\n<h2><\/h2>\n<h2>Objetivos<\/h2>\n<p><img decoding=\"async\" loading=\"lazy\" class=\"alignleft size-medium wp-image-956\" src=\"..\/wp-content\/uploads\/2018\/06\/Wapacha-Diversity-objetivos2-300x224.jpg\" alt=\"\" width=\"300\" height=\"224\" srcset=\"https:\/\/wapacha.cat\/wp-content\/uploads\/2018\/06\/Wapacha-Diversity-objetivos2-300x224.jpg 300w, https:\/\/wapacha.cat\/wp-content\/uploads\/2018\/06\/Wapacha-Diversity-objetivos2-510x382.jpg 510w, https:\/\/wapacha.cat\/wp-content\/uploads\/2018\/06\/Wapacha-Diversity-objetivos2.jpg 588w\" sizes=\"(max-width: 300px) 100vw, 300px\" \/><img decoding=\"async\" loading=\"lazy\" class=\"alignright size-medium wp-image-955\" src=\"..\/wp-content\/uploads\/2018\/06\/Wapacha-Diversity-objetivos1-300x224.jpg\" alt=\"\" width=\"300\" height=\"224\" srcset=\"https:\/\/wapacha.cat\/wp-content\/uploads\/2018\/06\/Wapacha-Diversity-objetivos1-300x224.jpg 300w, https:\/\/wapacha.cat\/wp-content\/uploads\/2018\/06\/Wapacha-Diversity-objetivos1-510x382.jpg 510w, https:\/\/wapacha.cat\/wp-content\/uploads\/2018\/06\/Wapacha-Diversity-objetivos1.jpg 588w\" sizes=\"(max-width: 300px) 100vw, 300px\" \/><span style=\"font-size: 14px;\">\uf0fc Reforzar nuestro lema: somos diversos pero capaces<\/span><\/p>\n<\/div>\n<div style=\"text-align: justify;\">\uf0fc Demostrar que el esfuerzo y la determinaci\u00f3n tiene recompensa<\/div>\n<div style=\"text-align: justify;\">\uf0fc Reforzar los v\u00ednculos entre el grupo para favorecer la <\/div>\n<div style=\"text-align: justify;\">&nbsp; &nbsp; socializaci\u00f3n e inclusi\u00f3n<\/div>\n<div style=\"text-align: justify;\">\uf0fc Proporcionar una nueva experiencia a quienes tienen <\/div>\n<div style=\"text-align: justify;\">\n<p>&nbsp; &nbsp; pocas alternativas<\/p>\n<h2><\/h2>\n<h2><\/h2>\n<h2><\/h2>\n<h2><\/h2>\n<h2><\/h2>\n<h2><\/h2>\n<h2><\/h2>\n<h2><\/h2>\n<h2><\/h2>\n<h2><\/h2>\n<h2>Beneficios para todos<\/h2>\n<p>El baile deportivo, por sus caracter\u00edsticas, presenta tres componentes fundamentales que combinados construyen su esencia: que se practica en pareja o en grupo (no es un deporte individual), la actividad f\u00edsica y la m\u00fasica. Esto hace que las ventajas que se puedan derivar de su pr\u00e1ctica, tengan efectos ventajosos tanto a nivel f\u00edsico\/motor como psicol\u00f3gico y de relaciones humanas.<\/p>\n<\/div>\n<div style=\"text-align: justify;\"><\/div>\n<div style=\"text-align: justify;\">\n<h2><\/h2>\n<h2><\/h2>\n<h2><img decoding=\"async\" loading=\"lazy\" class=\"wp-image-964 alignleft size-full\" src=\"..\/wp-content\/uploads\/2018\/06\/diversituy-metodologia.jpg\" alt=\"\" width=\"500\" height=\"580\" srcset=\"https:\/\/wapacha.cat\/wp-content\/uploads\/2018\/06\/diversituy-metodologia.jpg 752w, https:\/\/wapacha.cat\/wp-content\/uploads\/2018\/06\/diversituy-metodologia-259x300.jpg 259w\" sizes=\"(max-width: 500px) 100vw, 500px\" \/><\/h2>\n<h2><\/h2>\n<h2><\/h2>\n<h2>Metodolog\u00eda I<\/h2>\n<p>\uf0fc Parejas mixtas de bailarines voluntarios con ni\u00f1os y j\u00f3venes discapacitados, que practican distintas disciplinas de baile deportivo<\/p>\n<h2><\/h2>\n<h2><\/h2>\n<h2><\/h2>\n<h2><\/h2>\n<h2>Metodolog\u00eda II<\/h2>\n<p>\uf0fc Ensayos conjuntos de espect\u00e1culos diversos: integraci\u00f3n, colaboraci\u00f3n, aceptaci\u00f3n y tolerancia<\/p>\n<h2><\/h2>\n<h2><\/h2>\n<h2><\/h2>\n<h2><\/h2>\n<h2>Metodolog\u00eda III<\/h2>\n<p>\uf0fc Y siempre con un ambiente relajado, distendido y propicio para establecer relaciones con los compa\u00f1eros.<\/p>\n<h2><\/h2>\n<h2><\/h2>\n<h2><\/h2>\n<h2><\/h2>\n<h2>Metodolog\u00eda IV<\/h2>\n<p>\uf0fc Las parejas de baile&nbsp;<strong><span style=\"color: #c6006d;\">WapachaDiversity&nbsp;<\/span><\/strong>representan por s\u00ed mismas un verdadero ejercicio de inclusi\u00f3n y un clamor a la aceptaci\u00f3n de la diversidad.<\/p>\n<h2><\/h2>\n<h2><\/h2>\n<h2><\/h2>\n<h2><\/h2>\n<h2><\/h2>\n<h2><\/h2>\n<h2><\/h2>\n<h2><\/h2>\n<h2><\/h2>\n<h2><\/h2>\n<h2><\/h2>\n<h2>\u00c1mbito de actuaci\u00f3n<\/h2>\n<p>\uf0fc Contamos con chicos y chicas procedentes de toda la provincia de Tarragona<\/p>\n<\/div>\n<div style=\"text-align: justify;\">\uf0fc Somos el \u00fanico Club catal\u00e1n federado de estas caracter\u00edsticas<\/div>\n<div style=\"text-align: justify;\">\n<p>\uf0fc <strong><span style=\"color: #c6006d;\">WapachaDiversity<\/span><\/strong>&nbsp;participa siempre que es posible en las competiciones organizadas a trav\u00e9s de la Federaci\u00f3n Catalana de Baile Deportivo, en concreto en los Open Diversity, y en otros eventos, tipo exhibici\u00f3n, organizados en toda la geograf\u00eda catalana por distintas Escuelas de Baile o por otras entidades<\/p>\n<h2><\/h2>\n<h2><\/h2>\n<h2><\/h2>\n<h2><\/h2>\n<h2><\/h2>\n<h2><strong><span style=\"color: #c6006d;\">WapachaDiversity&nbsp;<\/span><\/strong>en&nbsp;Europa<\/h2>\n<p><img decoding=\"async\" loading=\"lazy\" class=\"wp-image-971 alignright size-full\" src=\"..\/wp-content\/uploads\/2018\/06\/diversity-europa1.jpg\" alt=\"\" width=\"535\" height=\"324\" srcset=\"https:\/\/wapacha.cat\/wp-content\/uploads\/2018\/06\/diversity-europa1.jpg 535w, https:\/\/wapacha.cat\/wp-content\/uploads\/2018\/06\/diversity-europa1-300x182.jpg 300w\" sizes=\"(max-width: 535px) 100vw, 535px\" \/>\uf0fc El buen hacer de todos lo  bailarines Wapacha Diversity y la s\u00f3lida trayectoria de su presidenta, Isabel P\u00e9rez, propicia que sea invitado a participar en eventos internacionales, donde esta modalidad de competici\u00f3n est\u00e1 m\u00e1s extendida que en Espa\u00f1a. (De hecho en nuestro pa\u00eds es pr\u00e1cticamente in\u00e9dita)\n<\/div>\n<div style=\"text-align: justify;\">\uf0fc Wapacha Diversity ya ha competido en Holanda en dos ocasiones, ambas participando en el Offici\u00ebleNederlandseKampioensschappen G-Klassers, en los a\u00f1os 2015 y 2016 y en Lisboa en 2017 en el marco del Portugal Open Championships<\/div>\n<div style=\"text-align: justify;\">\n<p>\uf0fc Nuestros bailarines disfrutaron de una experiencia plena y enriquecedora, premio a su esfuerzo y dedicaci\u00f3n<\/p>\n<h2><\/h2>\n<h2><\/h2>\n<h2><\/h2>\n<h2><\/h2>\n<h2>Com funciona&nbsp;<strong><span style=\"color: #c6006d;\">WapachaDiversity<\/span><\/strong><\/h2>\n<p>\uf0fc Ofrecemos una sesi\u00f3n semanal gratuita a todos nuestros socios con discapacidad en la que participan tambi\u00e9n los bailarines voluntarios.<\/p>\n<\/div>\n<div style=\"text-align: justify;\">\uf0fc En dicha sesi\u00f3n se trabaja el baile desde un punto de vista l\u00fadico y se aprovecha para hacer ensayos cuando hay cerca un espect\u00e1culo coral.<\/div>\n<div style=\"text-align: justify;\">\uf0fc Algunos de los chico\/as con discapacidad emparejados con bailarines voluntarios compiten adem\u00e1s en diversos  campeonatos, algunos de ellos puntuables para el ranking de la Federaci\u00f3 Catalana de BallEsportiu, as\u00ed como Campeonatos de Catalu\u00f1a oficiales y reconocidos por l\u2019Escola Catalana de l\u2019Esport. Actualmente contamos con unas 10 parejas estables.<\/div>\n<div style=\"text-align: justify;\">\n<p>\uf0fc Los chicos que compiten asisten, opcionalmente, a dos sesiones semanales de T\u00e9cnica de competici\u00f3n y baile sincronizado. Tambi\u00e9n de manera opcional, la mayor\u00eda de ellos asisten a clases particulares con sus parejas. Es decir, han hecho del baile su opci\u00f3n de deporte.<\/p>\n<h2><\/h2>\n<h2><\/h2>\n<h2><\/h2>\n<h2><\/h2>\n<h2>Logros conseguidos<\/h2>\n<p>\uf0fc Primera posici\u00f3n de una pareja del Club&nbsp;<strong><span style=\"color: #c6006d;\">WapachaDiversity<\/span><\/strong>&nbsp;en los primeros Campeonatos de Catalu\u00f1a Diversity<\/p>\n<\/div>\n<div style=\"text-align: justify;\">\uf0fc Primera posici\u00f3n en el Campeonato de Holanda G Klassers 2016<\/div>\n<div style=\"text-align: justify;\">\uf0fc Primera posici\u00f3n de una pareja del Club&nbsp;<strong><span style=\"color: #c6006d;\">WapachaDiversity<\/span><\/strong>&nbsp;en el Campeonato de Catalu\u00f1a sub 21 y absoluto en los a\u00f1os 2016 y 2017<\/div>\n<div style=\"text-align: justify;\">\n<p>\uf0fc Primera posici\u00f3n en el Open Down de Lisboa 2016<\/p>\n<h2><\/h2>\n<h2><\/h2>\n<h2><\/h2>\n<h2><\/h2>\n<h2>Financiaci\u00f3n<\/h2>\n<p>\uf0fc Hacemos exhibiciones o espect\u00e1culos que nos proporcionan donativos de las organizaciones  que nos contratan<\/p>\n<\/div>\n<div style=\"text-align: justify;\">\uf0fc Organizamos actividades como vermuts solidarios, concursos o sorteos mediante los que conseguimos peque\u00f1os ingresos <\/div>\n<div style=\"text-align: justify;\">\uf0fc Obtenemos peque\u00f1os donativos de los padres de los chicos participantes<\/div>\n<div style=\"text-align: justify;\">\uf0fc Vendemos manualidades elaboradas por nuestros chicos<\/div>\n<div style=\"text-align: justify;\">\uf0fc Todo el dinero recaudado revierte al 100% en los proyectos <strong><span style=\"color: #c6006d;\">WapachaDiversity<\/span><\/strong><\/div>\n<div style=\"text-align: justify;\">\n<p>\uf0fc \u00a1Cualquier ayuda es muy bien recibida!<\/p>\n<h2><\/h2>\n<h2><\/h2>\n<h2><\/h2>\n<h2><\/h2>\n<h2>Nuevos retos<\/h2>\n<p>\uf0fc El principal objetivo de &nbsp;<strong><span style=\"color: #c6006d;\">WapachaDiversity<\/span><\/strong>&nbsp;a corto y medio plazo es crecer: queremos llegar a m\u00e1s chicos y chicas con discapacidad a los que podamos ofrecer una alternativa de deporte inclusivo.<\/p>\n<\/div>\n<div style=\"text-align: justify;\">\uf0fc Adem\u00e1s, buscamos voluntarios, ni\u00f1os o j\u00f3venes que ya sepan bailar o bien quieran aprender con nosotros para formar parte de nuestro proyecto: desarrollar\u00e1n un deporte y reforzar\u00e1n su implicaci\u00f3n con la sociedad<\/div>\n<div style=\"text-align: justify;\">\uf0fc Queremos ofrecer alternativas para actividades extraescolares, donde se pueda practicar nuestro deporte directamente en el colegio para evitar los desplazamientos<\/div>\n<div style=\"text-align: justify;\"><\/div>\n<p>[\/et_pb_text][\/et_pb_column][\/et_pb_row][et_pb_row admin_label=\u00bbrow\u00bb make_fullwidth=\u00bboff\u00bb use_custom_width=\u00bboff\u00bb width_unit=\u00bboff\u00bb custom_width_px=\u00bb1080px\u00bb custom_width_percent=\u00bb80%\u00bb use_custom_gutter=\u00bboff\u00bb gutter_width=\u00bb3&#8243; padding_mobile=\u00bboff\u00bb allow_player_pause=\u00bboff\u00bb parallax=\u00bboff\u00bb parallax_method=\u00bbon\u00bb make_equal=\u00bboff\u00bb column_padding_mobile=\u00bbon\u00bb parallax_1=\u00bboff\u00bb parallax_method_1=\u00bbon\u00bb parallax_2=\u00bboff\u00bb parallax_method_2=\u00bbon\u00bb parallax_3=\u00bboff\u00bb parallax_method_3=\u00bbon\u00bb parallax_4=\u00bboff\u00bb parallax_method_4=\u00bbon\u00bb background_position=\u00bbtop_left\u00bb background_repeat=\u00bbrepeat\u00bb background_size=\u00bbinitial\u00bb][et_pb_column type=\u00bb4_4&#8243;][et_pb_image admin_label=\u00bbImage\u00bb src=\u00bbhttp:\/\/wapacha.cat\/wp-content\/uploads\/2018\/06\/diversity-1.jpg\u00bb show_in_lightbox=\u00bboff\u00bb url_new_window=\u00bboff\u00bb use_overlay=\u00bboff\u00bb animation=\u00bbleft\u00bb sticky=\u00bboff\u00bb align=\u00bbcenter\u00bb force_fullwidth=\u00bboff\u00bb always_center_on_mobile=\u00bbon\u00bb animation_style=\u00bbslide\u00bb animation_duration=\u00bb500ms\u00bb animation_intensity_slide=\u00bb10%\u00bb animation_direction=\u00bbleft\u00bb show_bottom_space=\u00bbon\u00bb \/][et_pb_image admin_label=\u00bbImage\u00bb src=\u00bbhttp:\/\/wapacha.cat\/wp-content\/uploads\/2018\/06\/diversity-2.jpg\u00bb show_in_lightbox=\u00bboff\u00bb url_new_window=\u00bboff\u00bb use_overlay=\u00bboff\u00bb animation=\u00bbleft\u00bb sticky=\u00bboff\u00bb align=\u00bbcenter\u00bb force_fullwidth=\u00bboff\u00bb always_center_on_mobile=\u00bbon\u00bb animation_style=\u00bbslide\u00bb animation_duration=\u00bb500ms\u00bb animation_intensity_slide=\u00bb10%\u00bb animation_direction=\u00bbleft\u00bb show_bottom_space=\u00bbon\u00bb \/][et_pb_image admin_label=\u00bbImage\u00bb src=\u00bbhttp:\/\/wapacha.cat\/wp-content\/uploads\/2018\/06\/diversity-3.jpg\u00bb show_in_lightbox=\u00bboff\u00bb url_new_window=\u00bboff\u00bb use_overlay=\u00bboff\u00bb animation=\u00bbleft\u00bb sticky=\u00bboff\u00bb align=\u00bbcenter\u00bb force_fullwidth=\u00bboff\u00bb always_center_on_mobile=\u00bbon\u00bb animation_style=\u00bbslide\u00bb animation_duration=\u00bb500ms\u00bb animation_intensity_slide=\u00bb10%\u00bb animation_direction=\u00bbleft\u00bb show_bottom_space=\u00bbon\u00bb \/][et_pb_image admin_label=\u00bbImage\u00bb src=\u00bbhttp:\/\/wapacha.cat\/wp-content\/uploads\/2018\/06\/diversity-4.jpg\u00bb show_in_lightbox=\u00bboff\u00bb url_new_window=\u00bboff\u00bb use_overlay=\u00bboff\u00bb animation=\u00bbleft\u00bb sticky=\u00bboff\u00bb align=\u00bbcenter\u00bb force_fullwidth=\u00bboff\u00bb always_center_on_mobile=\u00bbon\u00bb animation_style=\u00bbslide\u00bb animation_duration=\u00bb500ms\u00bb animation_intensity_slide=\u00bb10%\u00bb animation_direction=\u00bbleft\u00bb show_bottom_space=\u00bbon\u00bb \/][et_pb_image admin_label=\u00bbImage\u00bb src=\u00bbhttp:\/\/wapacha.cat\/wp-content\/uploads\/2018\/06\/diversity-5.jpg\u00bb show_in_lightbox=\u00bboff\u00bb url_new_window=\u00bboff\u00bb use_overlay=\u00bboff\u00bb animation=\u00bbleft\u00bb sticky=\u00bboff\u00bb align=\u00bbcenter\u00bb force_fullwidth=\u00bboff\u00bb always_center_on_mobile=\u00bbon\u00bb animation_style=\u00bbslide\u00bb animation_duration=\u00bb500ms\u00bb animation_intensity_slide=\u00bb10%\u00bb animation_direction=\u00bbleft\u00bb show_bottom_space=\u00bbon\u00bb \/][\/et_pb_column][\/et_pb_row][\/et_pb_section]<\/p>","protected":false},"excerpt":{"rendered":"<p>Qui\u00e9nes somos WapachaDiversity&nbsp; es un Club de baile deportivo sin \u00e1nimo de lucro dedicado a promover la inclusi\u00f3n de las personas con discapacidad f\u00edsica y\/o intelectual a trav\u00e9s del Baile deportivo. WapachaDiversity&nbsp;es entender que hay personas con capacidades diversas y que todas tienen mucho que aportar y mucho que decir. WapachaDiversity&nbsp;lucha por a\u00f1adir herramientas a [&hellip;]<\/p>\n","protected":false},"author":2,"featured_media":0,"parent":0,"menu_order":0,"comment_status":"closed","ping_status":"closed","template":"","meta":{"_et_pb_use_builder":"on","_et_pb_old_content":"","_et_gb_content_width":""},"_links":{"self":[{"href":"https:\/\/wapacha.cat\/es\/wp-json\/wp\/v2\/pages\/904"}],"collection":[{"href":"https:\/\/wapacha.cat\/es\/wp-json\/wp\/v2\/pages"}],"about":[{"href":"https:\/\/wapacha.cat\/es\/wp-json\/wp\/v2\/types\/page"}],"author":[{"embeddable":true,"href":"https:\/\/wapacha.cat\/es\/wp-json\/wp\/v2\/users\/2"}],"replies":[{"embeddable":true,"href":"https:\/\/wapacha.cat\/es\/wp-json\/wp\/v2\/comments?post=904"}],"version-history":[{"count":33,"href":"https:\/\/wapacha.cat\/es\/wp-json\/wp\/v2\/pages\/904\/revisions"}],"predecessor-version":[{"id":1175,"href":"https:\/\/wapacha.cat\/es\/wp-json\/wp\/v2\/pages\/904\/revisions\/1175"}],"wp:attachment":[{"href":"https:\/\/wapacha.cat\/es\/wp-json\/wp\/v2\/media?parent=904"}],"curies":[{"name":"wp","href":"https:\/\/api.w.org\/{rel}","templated":true}]}}