{"id":816,"date":"2018-04-06T16:59:30","date_gmt":"2018-04-06T16:59:30","guid":{"rendered":"http:\/\/wapacha.cat\/?page_id=816"},"modified":"2026-03-08T18:59:08","modified_gmt":"2026-03-08T18:59:08","slug":"politica-de-cookies","status":"publish","type":"page","link":"https:\/\/wapacha.cat\/es\/politica-de-cookies\/","title":{"rendered":"Politica de cookies"},"content":{"rendered":"<p>[et_pb_section admin_label=\u00bbsection\u00bb]<br \/>\n\t\t\t[et_pb_row admin_label=\u00bbrow\u00bb]<br \/>\n\t\t\t\t[et_pb_column type=\u00bb4_4&#8243;][et_pb_text admin_label=\u00bbText\u00bb]<strong>Av\u00eds d\u2019utilitzaci\u00f3 de cookies<\/strong><\/p>\n<p>Utilitzem cookies per millorar els nostres serveis i personalitzar i analitzar la seva navegaci\u00f3, aix\u00ed com per oferir publicitat. Si continua navegant, consideren que accepta el seu \u00fas. Pot canviar la configuraci\u00f3 o obtenir m\u00e9s informaci\u00f3 a la nostra Pol\u00edtica de Cookies ACEPTAR<\/p>\n<p><strong>Pol\u00edtica de Cookies<\/strong><\/p>\n<p><strong>Qu\u00e8 s\u00f3n les cookies?<\/strong><\/p>\n<p>Les cookies s\u00f3n petits arxius de dades que es reben al terminal des del lloc web visitat i s\u2019usen per a registrar certes interaccions de la navegaci\u00f3 en un lloc web emmagatzemant dades que podran ser actualitzades i recuperades. Aquests fitxers s\u2019emmagatzemen a l\u2019ordinador de l\u2019usuari i contenen dades an\u00f2nimes que no s\u00f3n perjudicials pel seu equip. S\u2019utilitzen per recordar les prefer\u00e8ncies de l\u2019usuari, com l\u2019idioma seleccionat, dades d\u2019acc\u00e9s o personalitzaci\u00f3 de la p\u00e0gina.<\/p>\n<p>Les cookies tamb\u00e9 poden ser utilitzades per registrar informaci\u00f3 an\u00f2nima sobre com un visitant utilitza un lloc web. Per exemple, des quina p\u00e0gina web s\u2019ha accedit, o si ha utilitzat un \u201cbanner\u201d publicitari per arribar.<\/p>\n<p><strong>Per qu\u00e8 utilitzem cookies?<\/strong><\/p>\n<p>WAPAPCHA\u00a0utilitza les cookies estrictament necess\u00e0ries i essencials perqu\u00e8 utilitzeu els nostres llocs web i us permetin moure lliurement, utilitzar \u00e0rees segures, opcions personalitzades, etc. A m\u00e9s, WAPAPCHA utilitza cookies que recullen dades relatives a l\u2019an\u00e0lisi d\u2019\u00fas de la web. Aquestes s\u2019utilitzen per ajudar a millorar el servei al client, mesurant l\u2019\u00fas i el rendiment de la p\u00e0gina, per optimitzar-la i personalitzar-la.<\/p>\n<p>Els nostres llocs tamb\u00e9 poden tenir enlla\u00e7os de xarxes socials (com Facebook o Twitter). WAPAPCHA no controla les cookies utilitzades per aquestes xarxes externes. Per a m\u00e9s informaci\u00f3 sobre les cookies de les xarxes socials o altres webs alienes, aconsellem revisar les seves pr\u00f2pies pol\u00edtiques de cookies.<\/p>\n<p><strong>Quin us li donem als diferents tipus de cookies?<\/strong><\/p>\n<p><strong>Cookies de sessi\u00f3:<\/strong>\u00a0Les cookies de sessi\u00f3 son aquelles que duren el temps que l\u2019usuari est\u00e0 navegant per la p\u00e0gina web i s\u2019esborren al finalitzar.<\/p>\n<p><strong>Cookies persistents:<\/strong>\u00a0Aquestes cookies queden emmagatzemades al terminal de l\u2019usuari, per un temps m\u00e9s llarg, facilitant aix\u00ed el control de les prefer\u00e8ncies escollides sense haver de repetir certs par\u00e0metres cada vegada que es visiti el lloc web.<\/p>\n<p><strong>Cookies pr\u00f2pies:<\/strong>\u00a0S\u00f3n cookies creades pel lloc web i que nom\u00e9s pot llegir la pr\u00f2pia p\u00e0gina. Per exemple: cookies t\u00e8cniques per la c\u00e0rrega d\u2019imatges, cookies de personalitzaci\u00f3 de par\u00e0metres de la web, cookies d\u2019an\u00e0lisis de tr\u00e0fic, etc.<\/p>\n<p><strong>Cookies de tercers:<\/strong>\u00a0S\u00f3n cookies creades per tercers i que utilitzem per diferents serveis (per ex. An\u00e0lisis del lloc web o publicitat)<\/p>\n<p>Segons la seva finalitat:<\/p>\n<p><strong>Cookies t\u00e8cniques:<\/strong>\u00a0Les cookies t\u00e8cniques s\u00f3n aquelles imprescindibles i estrictament necess\u00e0ries per al correcte funcionament d\u2019un portal web i la utilitzaci\u00f3 de les diferents opcions i serveis que ofereix. Per exemple, les que serveixen per al manteniment de la sessi\u00f3, la gesti\u00f3 del temps de resposta, rendiment o validaci\u00f3 d\u2019opcions, utilitzar elements de seguretat, compartir contingut amb xarxes socials, etc.<\/p>\n<p><strong>Cookies de personalitzaci\u00f3:<\/strong>\u00a0Aquestes cookies permeten a l\u2019usuari especificar o personalitzar algunes caracter\u00edstiques de les opcions generals de la p\u00e0gina web, per exemple, definir l\u2019idioma, configuraci\u00f3 regional o tipus de navegador.<\/p>\n<p><strong>Cookies anal\u00edtiques:<\/strong>\u00a0Les cookies anal\u00edtiques s\u00f3n les utilitzades pel nostre portal web, per elaborar perfils de navegaci\u00f3 i poder con\u00e8ixer les prefer\u00e8ncies dels usuaris del mateix per tal de millorar l\u2019oferta de productes i serveis. Per exemple, mitjan\u00e7ant una cookie anal\u00edtica es controlarien les \u00e0rees geogr\u00e0fiques de major inter\u00e8s d\u2019un usuari, quin \u00e9s el producte de m\u00e9s acceptaci\u00f3, etc.<\/p>\n<p><strong>Cookies publicit\u00e0ries:<\/strong>\u00a0Les cookies publicit\u00e0ries permeten la gesti\u00f3 dels espais publicitaris en base a criteris concrets. Per exemple la freq\u00fc\u00e8ncia d\u2019acc\u00e9s, el contingut editat, etc.Les cookies de publicitat permeten a trav\u00e9s de la gesti\u00f3 de la publicitat emmagatzemar informaci\u00f3 del comportament a trav\u00e9s de l\u2019observaci\u00f3 d\u2019h\u00e0bits, estudiant els accessos i formant un perfil de prefer\u00e8ncies de l\u2019usuari, per oferir publicitat relacionada amb els interessos del seu perfil.<\/p>\n<p><strong>Com puc canviar la configuraci\u00f3 de les cookies?<\/strong><\/p>\n<p><a href=\"http:\/\/windows.microsoft.com\/es-es\/windows-vista\/block-or-allow-cookies\">Configuraci\u00f3 de cookies de Internet Explorer<\/a><\/p>\n<p><a href=\"http:\/\/support.mozilla.org\/es\/kb\/habilitar-y-deshabilitar-cookies-que-los-sitios-we\">Configuraci\u00f3 de cookies de Firefox<\/a><\/p>\n<p><a href=\"https:\/\/support.google.com\/chrome\/answer\/95647?hl=es\">Configuraci\u00f3 de cookies de Google Chrome<\/a><\/p>\n<p><a href=\"http:\/\/support.apple.com\/kb\/HT1677?viewlocale=es_ES&amp;locale=es_ES\">Configuraci\u00f3 de cookies de Safari<\/a><\/p>\n<p><a href=\"http:\/\/www.macromedia.com\/support\/documentation\/es\/flashplayer\/help\/settings_manager03.html\">Configuraci\u00f3 de cookies Flash<\/a><\/p>\n<p>Aquests navegadors estan sotmesos a actualitzacions o modificacions, pel que no podem garantir que s\u2019ajustin completament a la versi\u00f3 del seu navegador. Tamb\u00e9 pot ser que utilitzi un altre navegador no contemplat en aquests enlla\u00e7os com Konqueror, Arora, Flock, etc. Per evitar aquests desajustos, pot accedir directament des de les opcions del seu navegador que es troben generalment al men\u00fa \u201cOpcions\u201d, a la secci\u00f3 de \u201cPrivacitat\u201d. (si us plau, consulteu l\u2019ajuda del seu navegador per m\u00e9s informaci\u00f3.)<\/p>\n<p><strong>Revocaci\u00f3 del consentiment<\/strong><\/p>\n<p>Tamb\u00e9 es possible limitar com les p\u00e0gines web de tercers instal\u2022len cookies al seu ordenador, per evitar la recol\u2022lecci\u00f3 de dades i registre de la seva activitat de navegaci\u00f3. Per limitar l\u2019\u00fas de les cookies de tercers pot dirigir-se a la web de configuraci\u00f3 o OptOut:<\/p>\n<p><a href=\"https:\/\/tools.google.com\/dlpage\/gaoptout?hl=None\">Google Analytics<\/a><\/p>\n<p><a href=\"https:\/\/www.google.com\/settings\/not-supported?ref=\/settings\/ads\/plugin\">DoubleClick<\/a><\/p>\n<p><a href=\"https:\/\/www.google.com\/settings\/ads?hl=es&amp;sig=ACi0TCgpUV9lGv9Yj5b52r8Ve4h9DQjg90Rbo9y4YCDxc7aXWLcbjBrkx70KpjLfRcLDcRcP1xyjv3UbJLscUECTf0eccSw8phPtfW6eWvlWnN3CBOZYD8wbt5qJdgEp1fFc7RcN06eLxVHdJIxaeMZJaZqPOOqwCKWmLK84n_3TC2W_Z35pfzWNZR0u1AKrXg6cx9YxTwv8\">Google<\/a><\/p>\n<p><a href=\"http:\/\/www.macromedia.com\/support\/documentation\/es\/flashplayer\/help\/settings_manager07.html\">Flash Cookies YouTube<\/a><\/p>\n<p>Seleccioni l\u2019opci\u00f3 \u201cEliminar tots els llocs\u201d o seleccioni la web espec\u00edfica que desitgi esborrar i \u201cEliminar lloc web\u201d.<\/p>\n<p>Ha de tenir en compte, que si rebutja o esborra les cookies de navegaci\u00f3 per la web, no podrem mantenir les seves prefer\u00e8ncies, algunes caracter\u00edstiques de les pagines no estaran operatives, no podrem oferir-li serveis personalitzats i cada cop que navegui per la nostra web haurem de sol\u2022licitar-li de nou la seva autoritzaci\u00f3 per l\u2019\u00fas de cookies.<\/p>\n<p>Si tot i aix\u00ed, decideix modificar la configuraci\u00f3 del seu acc\u00e9s a la p\u00e0gina web, ha de saber que es possible eliminar les cookies o impedir que es registri aquesta informaci\u00f3 al seu equip en qualsevol moment mitjan\u00e7ant la modificaci\u00f3 dels par\u00e0metres de configuraci\u00f3 del seu navegador.<\/p>\n<p><strong>On puc trobar m\u00e9s informaci\u00f3?<\/strong><\/p>\n<p>Pot trobar m\u00e9s informaci\u00f3 sobre cookies a www.allaboutcookies.org o www.youronlinechoices.eu.[\/et_pb_text][\/et_pb_column]<br \/>\n\t\t\t[\/et_pb_row]<br \/>\n\t\t[\/et_pb_section]<\/p>\n","protected":false},"excerpt":{"rendered":"<p>Av\u00eds d\u2019utilitzaci\u00f3 de cookies Utilitzem cookies per millorar els nostres serveis i personalitzar i analitzar la seva navegaci\u00f3, aix\u00ed com per oferir publicitat. Si continua navegant, consideren que accepta el seu \u00fas. Pot canviar la configuraci\u00f3 o obtenir m\u00e9s informaci\u00f3 a la nostra Pol\u00edtica de Cookies ACEPTAR Pol\u00edtica de Cookies Qu\u00e8 s\u00f3n les cookies? Les [&hellip;]<\/p>\n","protected":false},"author":2,"featured_media":0,"parent":0,"menu_order":0,"comment_status":"closed","ping_status":"closed","template":"","meta":{"_et_pb_use_builder":"on","_et_pb_old_content":"<strong>Av\u00eds d\u2019utilitzaci\u00f3 de cookies<\/strong>\r\n\r\nUtilitzem cookies per millorar els nostres serveis i personalitzar i analitzar la seva navegaci\u00f3, aix\u00ed com per oferir publicitat. Si continua navegant, consideren que accepta el seu \u00fas. Pot canviar la configuraci\u00f3 o obtenir m\u00e9s informaci\u00f3 a la nostra Pol\u00edtica de Cookies ACEPTAR\r\n\r\n<strong>Pol\u00edtica de Cookies<\/strong>\r\n\r\n<strong>Qu\u00e8 s\u00f3n les cookies?<\/strong>\r\n\r\nLes cookies s\u00f3n petits arxius de dades que es reben al terminal des del lloc web visitat i s\u2019usen per a registrar certes interaccions de la navegaci\u00f3 en un lloc web emmagatzemant dades que podran ser actualitzades i recuperades. Aquests fitxers s\u2019emmagatzemen a l\u2019ordinador de l\u2019usuari i contenen dades an\u00f2nimes que no s\u00f3n perjudicials pel seu equip. S\u2019utilitzen per recordar les prefer\u00e8ncies de l\u2019usuari, com l\u2019idioma seleccionat, dades d\u2019acc\u00e9s o personalitzaci\u00f3 de la p\u00e0gina.\r\n\r\nLes cookies tamb\u00e9 poden ser utilitzades per registrar informaci\u00f3 an\u00f2nima sobre com un visitant utilitza un lloc web. Per exemple, des quina p\u00e0gina web s\u2019ha accedit, o si ha utilitzat un \u201cbanner\u201d publicitari per arribar.\r\n\r\n<strong>Per qu\u00e8 utilitzem cookies?<\/strong>\r\n\r\nWAPAPCHA\u00a0utilitza les cookies estrictament necess\u00e0ries i essencials perqu\u00e8 utilitzeu els nostres llocs web i us permetin moure lliurement, utilitzar \u00e0rees segures, opcions personalitzades, etc. A m\u00e9s, WAPAPCHA utilitza cookies que recullen dades relatives a l\u2019an\u00e0lisi d\u2019\u00fas de la web. Aquestes s\u2019utilitzen per ajudar a millorar el servei al client, mesurant l\u2019\u00fas i el rendiment de la p\u00e0gina, per optimitzar-la i personalitzar-la.\r\n\r\nEls nostres llocs tamb\u00e9 poden tenir enlla\u00e7os de xarxes socials (com Facebook o Twitter). WAPAPCHA no controla les cookies utilitzades per aquestes xarxes externes. Per a m\u00e9s informaci\u00f3 sobre les cookies de les xarxes socials o altres webs alienes, aconsellem revisar les seves pr\u00f2pies pol\u00edtiques de cookies.\r\n\r\n<strong>Quin us li donem als diferents tipus de cookies?<\/strong>\r\n\r\n<strong>Cookies de sessi\u00f3:<\/strong>\u00a0Les cookies de sessi\u00f3 son aquelles que duren el temps que l\u2019usuari est\u00e0 navegant per la p\u00e0gina web i s\u2019esborren al finalitzar.\r\n\r\n<strong>Cookies persistents:<\/strong>\u00a0Aquestes cookies queden emmagatzemades al terminal de l\u2019usuari, per un temps m\u00e9s llarg, facilitant aix\u00ed el control de les prefer\u00e8ncies escollides sense haver de repetir certs par\u00e0metres cada vegada que es visiti el lloc web.\r\n\r\n<strong>Cookies pr\u00f2pies:<\/strong>\u00a0S\u00f3n cookies creades pel lloc web i que nom\u00e9s pot llegir la pr\u00f2pia p\u00e0gina. Per exemple: cookies t\u00e8cniques per la c\u00e0rrega d\u2019imatges, cookies de personalitzaci\u00f3 de par\u00e0metres de la web, cookies d\u2019an\u00e0lisis de tr\u00e0fic, etc.\r\n\r\n<strong>Cookies de tercers:<\/strong>\u00a0S\u00f3n cookies creades per tercers i que utilitzem per diferents serveis (per ex. An\u00e0lisis del lloc web o publicitat)\r\n\r\nSegons la seva finalitat:\r\n\r\n<strong>Cookies t\u00e8cniques:<\/strong>\u00a0Les cookies t\u00e8cniques s\u00f3n aquelles imprescindibles i estrictament necess\u00e0ries per al correcte funcionament d\u2019un portal web i la utilitzaci\u00f3 de les diferents opcions i serveis que ofereix. Per exemple, les que serveixen per al manteniment de la sessi\u00f3, la gesti\u00f3 del temps de resposta, rendiment o validaci\u00f3 d\u2019opcions, utilitzar elements de seguretat, compartir contingut amb xarxes socials, etc.\r\n\r\n<strong>Cookies de personalitzaci\u00f3:<\/strong>\u00a0Aquestes cookies permeten a l\u2019usuari especificar o personalitzar algunes caracter\u00edstiques de les opcions generals de la p\u00e0gina web, per exemple, definir l\u2019idioma, configuraci\u00f3 regional o tipus de navegador.\r\n\r\n<strong>Cookies anal\u00edtiques:<\/strong>\u00a0Les cookies anal\u00edtiques s\u00f3n les utilitzades pel nostre portal web, per elaborar perfils de navegaci\u00f3 i poder con\u00e8ixer les prefer\u00e8ncies dels usuaris del mateix per tal de millorar l\u2019oferta de productes i serveis. Per exemple, mitjan\u00e7ant una cookie anal\u00edtica es controlarien les \u00e0rees geogr\u00e0fiques de major inter\u00e8s d\u2019un usuari, quin \u00e9s el producte de m\u00e9s acceptaci\u00f3, etc.\r\n\r\n<strong>Cookies publicit\u00e0ries:<\/strong>\u00a0Les cookies publicit\u00e0ries permeten la gesti\u00f3 dels espais publicitaris en base a criteris concrets. Per exemple la freq\u00fc\u00e8ncia d\u2019acc\u00e9s, el contingut editat, etc.Les cookies de publicitat permeten a trav\u00e9s de la gesti\u00f3 de la publicitat emmagatzemar informaci\u00f3 del comportament a trav\u00e9s de l\u2019observaci\u00f3 d\u2019h\u00e0bits, estudiant els accessos i formant un perfil de prefer\u00e8ncies de l\u2019usuari, per oferir publicitat relacionada amb els interessos del seu perfil.\r\n\r\n<strong>Com puc canviar la configuraci\u00f3 de les cookies?<\/strong>\r\n\r\n<a href=\"http:\/\/windows.microsoft.com\/es-es\/windows-vista\/block-or-allow-cookies\">Configuraci\u00f3 de cookies de Internet Explorer<\/a>\r\n\r\n<a href=\"http:\/\/support.mozilla.org\/es\/kb\/habilitar-y-deshabilitar-cookies-que-los-sitios-we\">Configuraci\u00f3 de cookies de Firefox<\/a>\r\n\r\n<a href=\"https:\/\/support.google.com\/chrome\/answer\/95647?hl=es\">Configuraci\u00f3 de cookies de Google Chrome<\/a>\r\n\r\n<a href=\"http:\/\/support.apple.com\/kb\/HT1677?viewlocale=es_ES&amp;locale=es_ES\">Configuraci\u00f3 de cookies de Safari<\/a>\r\n\r\n<a href=\"http:\/\/www.macromedia.com\/support\/documentation\/es\/flashplayer\/help\/settings_manager03.html\">Configuraci\u00f3 de cookies Flash<\/a>\r\n\r\nAquests navegadors estan sotmesos a actualitzacions o modificacions, pel que no podem garantir que s\u2019ajustin completament a la versi\u00f3 del seu navegador. Tamb\u00e9 pot ser que utilitzi un altre navegador no contemplat en aquests enlla\u00e7os com Konqueror, Arora, Flock, etc. Per evitar aquests desajustos, pot accedir directament des de les opcions del seu navegador que es troben generalment al men\u00fa \u201cOpcions\u201d, a la secci\u00f3 de \u201cPrivacitat\u201d. (si us plau, consulteu l\u2019ajuda del seu navegador per m\u00e9s informaci\u00f3.)\r\n\r\n<strong>Revocaci\u00f3 del consentiment<\/strong>\r\n\r\nTamb\u00e9 es possible limitar com les p\u00e0gines web de tercers instal\u2022len cookies al seu ordenador, per evitar la recol\u2022lecci\u00f3 de dades i registre de la seva activitat de navegaci\u00f3. Per limitar l\u2019\u00fas de les cookies de tercers pot dirigir-se a la web de configuraci\u00f3 o OptOut:\r\n\r\n<a href=\"https:\/\/tools.google.com\/dlpage\/gaoptout?hl=None\">Google Analytics<\/a>\r\n\r\n<a href=\"https:\/\/www.google.com\/settings\/not-supported?ref=\/settings\/ads\/plugin\">DoubleClick<\/a>\r\n\r\n<a href=\"https:\/\/www.google.com\/settings\/ads?hl=es&amp;sig=ACi0TCgpUV9lGv9Yj5b52r8Ve4h9DQjg90Rbo9y4YCDxc7aXWLcbjBrkx70KpjLfRcLDcRcP1xyjv3UbJLscUECTf0eccSw8phPtfW6eWvlWnN3CBOZYD8wbt5qJdgEp1fFc7RcN06eLxVHdJIxaeMZJaZqPOOqwCKWmLK84n_3TC2W_Z35pfzWNZR0u1AKrXg6cx9YxTwv8\">Google<\/a>\r\n\r\n<a href=\"http:\/\/www.macromedia.com\/support\/documentation\/es\/flashplayer\/help\/settings_manager07.html\">Flash Cookies YouTube<\/a>\r\n\r\nSeleccioni l\u2019opci\u00f3 \u201cEliminar tots els llocs\u201d o seleccioni la web espec\u00edfica que desitgi esborrar i \u201cEliminar lloc web\u201d.\r\n\r\nHa de tenir en compte, que si rebutja o esborra les cookies de navegaci\u00f3 per la web, no podrem mantenir les seves prefer\u00e8ncies, algunes caracter\u00edstiques de les pagines no estaran operatives, no podrem oferir-li serveis personalitzats i cada cop que navegui per la nostra web haurem de sol\u2022licitar-li de nou la seva autoritzaci\u00f3 per l\u2019\u00fas de cookies.\r\n\r\nSi tot i aix\u00ed, decideix modificar la configuraci\u00f3 del seu acc\u00e9s a la p\u00e0gina web, ha de saber que es possible eliminar les cookies o impedir que es registri aquesta informaci\u00f3 al seu equip en qualsevol moment mitjan\u00e7ant la modificaci\u00f3 dels par\u00e0metres de configuraci\u00f3 del seu navegador.\r\n\r\n<strong>On puc trobar m\u00e9s informaci\u00f3?<\/strong>\r\n\r\nPot trobar m\u00e9s informaci\u00f3 sobre cookies a www.allaboutcookies.org o www.youronlinechoices.eu.","_et_gb_content_width":""},"_links":{"self":[{"href":"https:\/\/wapacha.cat\/es\/wp-json\/wp\/v2\/pages\/816"}],"collection":[{"href":"https:\/\/wapacha.cat\/es\/wp-json\/wp\/v2\/pages"}],"about":[{"href":"https:\/\/wapacha.cat\/es\/wp-json\/wp\/v2\/types\/page"}],"author":[{"embeddable":true,"href":"https:\/\/wapacha.cat\/es\/wp-json\/wp\/v2\/users\/2"}],"replies":[{"embeddable":true,"href":"https:\/\/wapacha.cat\/es\/wp-json\/wp\/v2\/comments?post=816"}],"version-history":[{"count":3,"href":"https:\/\/wapacha.cat\/es\/wp-json\/wp\/v2\/pages\/816\/revisions"}],"predecessor-version":[{"id":15214,"href":"https:\/\/wapacha.cat\/es\/wp-json\/wp\/v2\/pages\/816\/revisions\/15214"}],"wp:attachment":[{"href":"https:\/\/wapacha.cat\/es\/wp-json\/wp\/v2\/media?parent=816"}],"curies":[{"name":"wp","href":"https:\/\/api.w.org\/{rel}","templated":true}]}}