{"id":76,"date":"2017-03-21T15:37:40","date_gmt":"2017-03-21T15:37:40","guid":{"rendered":"http:\/\/wapacha.cat\/?page_id=76"},"modified":"2018-10-11T13:13:40","modified_gmt":"2018-10-11T13:13:40","slug":"avis-legal","status":"publish","type":"page","link":"https:\/\/wapacha.cat\/es\/avis-legal\/","title":{"rendered":"Aviso legal"},"content":{"rendered":"<p>[et_pb_section bb_built=\u00bb1&#8243; admin_label=\u00bbsection\u00bb][et_pb_row admin_label=\u00bbrow\u00bb background_position=\u00bbtop_left\u00bb background_repeat=\u00bbrepeat\u00bb background_size=\u00bbinitial\u00bb][et_pb_column type=\u00bb4_4&#8243;][et_pb_text admin_label=\u00bbText\u00bb use_border_color=\u00bboff\u00bb background_position=\u00bbtop_left\u00bb background_repeat=\u00bbrepeat\u00bb background_size=\u00bbinitial\u00bb _builder_version=\u00bb3.15&#8243;]<\/p>\n<p>AVISO LEGAL<\/p>\n<p>1. INFORMACI\u00d3N CORPORATIVA<\/p>\n<p>En cumplimiento de la Ley 34\/2002, de 11 de julio, de servicios de la sociedad de la informaci\u00f3n y de comercio electr\u00f3nico, ISABEL P\u00c9REZ <span>BERMUDO<\/span>, (WAPACHA) le informa que es titular de los sitios web: de acuerdo con la exigencia del art\u00edculo 10 de la mencionada Ley, ISABEL P\u00c9REZ&nbsp;<span>BERMUDO<\/span>, (WAPACHA), notifica los siguientes datos: el titular de esta p\u00e1gina web es RAZ\u00d3N SOCIAL con NIF \/ CIF: 39886514Y y domicilio social: <span>C\/&nbsp;Mare&nbsp;de&nbsp;deu&nbsp;del Pilar, 3,&nbsp;<\/span>C\u00f3digo Postal: 43204. Localidad: REUS. Provincia: TARRAGONA. La direcci\u00f3n de correo electr\u00f3nico de contacto con la empresa es: info@wapacha.es<\/p>\n<p>2. USUARIO Y R\u00c9GIMEN DE RESPONSABILIDADES<\/p>\n<p>La navegaci\u00f3n por, acceso y uso de los sitios web de ISABEL P\u00c9REZ <span>BERMUDO<\/span>, (WAPACHA) otorga la condici\u00f3n de usuario, por la que se aceptan, al navegar por la p\u00e1gina de ISABEL P\u00c9REZ <span>BERMUDO<\/span>, (WAPACHA), todas las condiciones de uso que se establecen aqu\u00ed sin perjudicar la aplicaci\u00f3n de la correspondiente normativa de obligado cumplimiento legal seg\u00fan el caso.<\/p>\n<p>La p\u00e1gina web de ISABEL P\u00c9REZ <span>BERMUDO<\/span>, (WAPACHA) proporciona gran diversidad de informaci\u00f3n, servicios y datos. El usuario asume su responsabilidad en el uso correcto de los sitios web. Esta responsabilidad se extender\u00e1 a: La veracidad y licitud de las informaciones aportadas por el usuario en los formularios emitidos por ISABEL P\u00c9REZ <span>BERMUDO<\/span>, (WAPACHA) para acceder a ciertos contenidos o servicios ofrecidos por la web.<\/p>\n<p>El uso de la informaci\u00f3n, servicios y datos ofrecidos por ISABEL P\u00c9REZ <span>BERMUDO<\/span>, (WAPACHA) contra las disposiciones de estas condiciones, la Ley, la moral, las buenas costumbres o el orden p\u00fablico o que, en otro caso, puedan suponer lesi\u00f3n de los derechos de terceros o del funcionamiento de los lugares web.Adem\u00e1s efecto, el Usuario se abstendr\u00e1 de utilizar cualquiera de los contenidos con fines o efectos il\u00edcitos, prohibidos en este texto, lesivos de los derechos e intereses de terceros , o que de cualquier forma puedan da\u00f1ar, inutilizar, sobrecargar, deteriorar o impedir la normal utilizaci\u00f3n de los contenidos, otros Usuarios o de cualquier usuario de Internet (hardware y software).<\/p>\n<p>Los usuarios responder\u00e1n de los da\u00f1os y perjuicios de toda naturaleza que la empresa propietaria de la web pueda sufrir, directa o indirectamente, como consecuencia de incumplimiento de cualquiera de las obligaciones derivadas del uso de la Web y de esta pol\u00edtica de privacidad.<\/p>\n<p>En particular, ya t\u00edtulo meramente indicativo y no exhaustivo, el Usuario se compromete a no transmitir, difundir o poner a disposici\u00f3n de terceros informaciones, datos, contenidos, mensajes, gr\u00e1ficos, dibujos, archivos de sonido y \/ o imagen, fotograf\u00edas de la web.<\/p>\n<p>POL\u00cdTICA DE PRIVACIDAD<\/p>\n<p>1. POL\u00cdTICA DE ENLACES Y EXENCIONES DE RESPONSABILIDAD<\/p>\n<p>ISABEL P\u00c9REZ&nbsp;<span>BERMUDO<\/span>, (WAPACHA) no se hace responsable del contenido de las p\u00e1ginas web a las que pueda acceder el usuario a trav\u00e9s de los enlaces establecidos en sus sitios web y declara que en ning\u00fan caso examinar\u00e1 ni ejercitar\u00e1 ning\u00fan tipo de control sobre el contenido de otras p\u00e1ginas de la red.<\/p>\n<p>Asimismo, tampoco garantiza la disponibilidad t\u00e9cnica, exactitud, veracidad, validez o legalidad de p\u00e1ginas ajenas a su propiedad a las que se pueda acceder a trav\u00e9s de los enlaces.<\/p>\n<p>ISABEL P\u00c9REZ <span>BERMUDO<\/span>, (WAPACHA) declara que ha adoptado todas las medidas necesarias para evitar cualquier da\u00f1o que pueda derivarse de la navegaci\u00f3n por sus p\u00e1ginas web. En consecuencia, ISABEL P\u00c9REZ <span>BERMUDO<\/span>, (WAPACHA) no se hace responsable, en ning\u00fan caso, de los eventuales da\u00f1os que pueda sufrir el usuario debido a la navegaci\u00f3n por Internet.<\/p>\n<p>ISABEL P\u00c9REZ <span>BERMUDO<\/span>, (WAPACHA) no se responsabiliza de los da\u00f1os o perjuicios de cualquier tipo producidos en el Usuario que traigan causa de fallos o desconexiones en las redes de telecomunicaciones que produzcan la suspensi\u00f3n, cancelaci\u00f3n, instalaci\u00f3n o interrupci\u00f3n del servicio de la web durante la prestaci\u00f3n del mismo o con car\u00e1cter previo.<\/p>\n<p>El acceso a la web no implica la obligaci\u00f3n por parte de la empresa de controlar la ausencia de virus o cualquier otro elemento inform\u00e1tico da\u00f1ino. Corresponde al Usuario, en todo caso, la disponibilidad de herramientas adecuadas para la detecci\u00f3n y desinfecci\u00f3n de programas inform\u00e1ticos da\u00f1inos.<\/p>\n<p>ISABEL P\u00c9REZ <span>BERMUDO<\/span>, (WAPACHA); no se responsabiliza de los da\u00f1os producidos en los equipos inform\u00e1ticos, documentos y \/ o ficheros de los Usuarios o de terceros durante la prestaci\u00f3n del servicio en el Portal.<\/p>\n<p>2. PUBLICIDAD<\/p>\n<p>La web: podr\u00e1 albergar contenidos publicitarios o patrocinados. Los anunciantes o patrocinadores son los \u00fanicos responsables de asegurarse que el material remitido para su inclusi\u00f3n en la web cumple con las leyes que en cada caso puedan ser de aplicaci\u00f3n.<\/p>\n<p>ISABEL P\u00c9REZ <span>BERMUDO<\/span>, (WAPACHA); no ser\u00e1 responsable de cualquier error, inexactitud o irregularidad que puedan contener los contenidos publicitarios o de los patrocinadores.<\/p>\n<p>3. MODIFICACIONES<\/p>\n<p>ISABEL P\u00c9REZ <span>BERMUDO<\/span>, (WAPACHA) se reserva el derecho a realizar las modificaciones que considere oportunas, sin aviso previo, en el contenido de sus sitios web, tanto en cuanto a los contenidos de los sitios web como por sus condiciones de uso o por las condiciones generales de contrataci\u00f3n. Estas modificaciones podr\u00e1n realizarse, a trav\u00e9s de sus sitios web, de cualquier forma admisible en derecho y ser\u00e1n de obligado cumplimiento durante el tiempo que est\u00e9n publicadas en la web y hasta que no sean modificadas por otras posteriores.<\/p>\n<p>4. RESERVA DE COOKIES<\/p>\n<p>ISABEL P\u00c9REZ <span>BERMUDO<\/span>, (WAPACHA) se reserva el derecho de utilizar cookies en la navegaci\u00f3n del usuario por sus sitios web para facilitar la personalizaci\u00f3n y comodidad de la navegaci\u00f3n. Siguiendo la pol\u00edtica de protecci\u00f3n de datos de la empresa,ISABEL P\u00c9REZ <span>BERMUDO<\/span>, (WAPACHA) informa que las cookies se asocian al usuario an\u00f3nimo ya su ordenador y no proporcionan por s\u00ed mismas ni el nombre ni los apellidos del usuario.<\/p>\n<p>El usuario tiene la posibilidad de configurar su navegador de manera que sea informado de la recepci\u00f3n de cookies, pudiendo, si as\u00ed lo desea, impedir que se instalen en su disco duro. Sin embargo, para acceder a los sitios web de ISABEL P\u00c9REZ <span>BERMUDO<\/span>, (WAPACHA) no es preceptiva la instalaci\u00f3n de cookies.<\/p>\n<p>El usuario se compromete a abstenerse de reproducir, copiar, distribuir, poner a disposici\u00f3n o de cualquier otra forma comunicar p\u00fablicamente, transformar o modificar los Contenidos, a menos que se cuente con la autorizaci\u00f3n del titular de los correspondientes derechos o ello resulte legalmente permitido.<\/p>\n<p>5. PROTECCI\u00d3N DE DATOS PERSONAL<\/p>\n<p>De conformidad con lo establecido en la Ley Org\u00e1nica 15\/1999 de Protecci\u00f3n de Datos de Car\u00e1cter Personal, ISABEL P\u00c9REZ <span>BERMUDO<\/span>, (WAPACHA) informa a los usuarios de sus websites de que los datos personales recabados por la empresa mediante los formularios situados en sus p\u00e1ginas, ser\u00e1n introducidos en un fichero automatizado bajo la responsabilidad de ISABEL P\u00c9REZ <span>BERMUDO<\/span>, (WAPACHA) con el fin de poder facilitar, agilizar y cumplir los compromisos establecidos entre ambas partes. Asimismo, ISABEL P\u00c9REZ <span>BERMUDO<\/span>, (WAPACHA) informa de la posibilidad de ejercer los derechos de acceso, cancelaci\u00f3n, rectificaci\u00f3n y oposici\u00f3n mediante un escrito a la direcci\u00f3n: <span>C\/&nbsp;Mare&nbsp;de&nbsp;deu&nbsp;del Pilar, 3,&nbsp;<\/span>C\u00f3digo Postal: 43204. Localidad: REUS. Provincia: TARRAGONA, aportando fotocopia del DNI o documentaci\u00f3n alternativa que acredite su identidad.<\/p>\n<p>Mientras no nos comunique lo contrario, entenderemos que sus datos no han sido modificados, que usted se compromete a notificarnos cualquier variaci\u00f3n y que tenemos el consentimiento para utilizarlos a fin de poder fidelizar la relaci\u00f3n entre las partes.<\/p>\n<p>De acuerdo con lo establecido en la Ley 34\/2002, de Servicios de la Sociedad de la Informaci\u00f3n y el Comercio Electr\u00f3nico en su art\u00edculo 21, solicitamos su consentimiento para poder realizar comunicaciones publicitarias que consideremos puedan ser de su inter\u00e9s, por correo electr\u00f3nico o por cualquier otro medio de comunicaci\u00f3n electr\u00f3nica equivalente.<\/p>\n<p>6. PROPIEDAD INTELECTUAL<\/p>\n<p>Los derechos de propiedad intelectual e industrial derivados de todos los textos, im\u00e1genes, as\u00ed como de los medios y formas de presentaci\u00f3n y montaje de sus p\u00e1ginas pertenecen, por s\u00ed mismos o como cesionaria, a ISABEL P\u00c9REZ <span>BERMUDO<\/span>, (WAPACHA) Ser\u00e1n por tanto, obras protegidas con propiedad intelectual por el ordenamiento jur\u00eddico espa\u00f1ol y se les podr\u00e1 aplicar tanto la normativa espa\u00f1ola y comunitaria en este campo, como los tratados internacionales relativos a la materia y suscritos por Espa\u00f1a.<\/p>\n<p>Todos los derechos reservados. En cumplimiento de la Ley de la Propiedad Intelectual se proh\u00edbe expresamente la reproducci\u00f3n, distribuci\u00f3n, comunicaci\u00f3n p\u00fablica y utilizaci\u00f3n de la totalidad o parte de los contenidos de sus p\u00e1ginas web sin el consentimiento expl\u00edcito de ISABEL P\u00c9REZ <span>BERMUDO<\/span>, (WAPACHA)<\/p>\n<p>Asimismo, v se reserva la facultad de presentar las acciones civiles o penales que considere oportunas por la utilizaci\u00f3n indebida de sus p\u00e1ginas web y contenidos o por el incumplimiento de estas condiciones.<\/p>\n<p>7. ACCIONES LEGAL, LEGISLACI\u00d3N APLICABLE Y JURISDICCI\u00d3N<\/p>\n<p>La relaci\u00f3n entre el usuario y v se regir\u00e1 por la normativa espa\u00f1ola vigente y ser\u00e1n competentes para decidir sobre cualquier controversia que pueda surgir entre el usuario y ISABEL P\u00c9REZ <span>BERMUDO<\/span>, (WAPACHA), los juzgados o tribunales.<\/p>\n<p>[\/et_pb_text][\/et_pb_column][\/et_pb_row][\/et_pb_section]<\/p>","protected":false},"excerpt":{"rendered":"<p>AVISO LEGAL 1. INFORMACI\u00d3N CORPORATIVA En cumplimiento de la Ley 34\/2002, de 11 de julio, de servicios de la sociedad de la informaci\u00f3n y de comercio electr\u00f3nico, ISABEL P\u00c9REZ BERMUDO, (WAPACHA) le informa que es titular de los sitios web: de acuerdo con la exigencia del art\u00edculo 10 de la mencionada Ley, ISABEL P\u00c9REZ&nbsp;BERMUDO, (WAPACHA), [&hellip;]<\/p>\n","protected":false},"author":2,"featured_media":0,"parent":0,"menu_order":0,"comment_status":"closed","ping_status":"closed","template":"","meta":{"_et_pb_use_builder":"on","_et_pb_old_content":"","_et_gb_content_width":""},"_links":{"self":[{"href":"https:\/\/wapacha.cat\/es\/wp-json\/wp\/v2\/pages\/76"}],"collection":[{"href":"https:\/\/wapacha.cat\/es\/wp-json\/wp\/v2\/pages"}],"about":[{"href":"https:\/\/wapacha.cat\/es\/wp-json\/wp\/v2\/types\/page"}],"author":[{"embeddable":true,"href":"https:\/\/wapacha.cat\/es\/wp-json\/wp\/v2\/users\/2"}],"replies":[{"embeddable":true,"href":"https:\/\/wapacha.cat\/es\/wp-json\/wp\/v2\/comments?post=76"}],"version-history":[{"count":13,"href":"https:\/\/wapacha.cat\/es\/wp-json\/wp\/v2\/pages\/76\/revisions"}],"predecessor-version":[{"id":1169,"href":"https:\/\/wapacha.cat\/es\/wp-json\/wp\/v2\/pages\/76\/revisions\/1169"}],"wp:attachment":[{"href":"https:\/\/wapacha.cat\/es\/wp-json\/wp\/v2\/media?parent=76"}],"curies":[{"name":"wp","href":"https:\/\/api.w.org\/{rel}","templated":true}]}}