{"id":51,"date":"2017-03-20T17:49:20","date_gmt":"2017-03-20T17:49:20","guid":{"rendered":"http:\/\/wapacha.cat\/?page_id=51"},"modified":"2018-10-18T19:49:55","modified_gmt":"2018-10-18T19:49:55","slug":"qui-som","status":"publish","type":"page","link":"https:\/\/wapacha.cat\/es\/qui-som\/","title":{"rendered":"Qui som"},"content":{"rendered":"<p>[et_pb_section bb_built=\u00bb1&#8243; transparent_background=\u00bboff\u00bb background_color=\u00bb#c6006d\u00bb allow_player_pause=\u00bboff\u00bb inner_shadow=\u00bboff\u00bb parallax=\u00bboff\u00bb parallax_method=\u00bbon\u00bb custom_padding=\u00bb0px||0px|\u00bb padding_mobile=\u00bboff\u00bb make_fullwidth=\u00bboff\u00bb use_custom_width=\u00bboff\u00bb width_unit=\u00bboff\u00bb custom_width_px=\u00bb1080px\u00bb custom_width_percent=\u00bb80{e47b2838832aeb2fe7266ccda2e36b01ee0d3353ef91ee8b5d270a3f08114494}\u00bb make_equal=\u00bboff\u00bb use_custom_gutter=\u00bboff\u00bb fullwidth=\u00bbon\u00bb specialty=\u00bboff\u00bb disabled=\u00bboff\u00bb custom_padding_tablet=\u00bb50px|0|50px|0&#8243; custom_padding_last_edited=\u00bbon|desktop\u00bb next_background_color=\u00bb#ffffff\u00bb][et_pb_fullwidth_header title=\u00bb\u00bfQui\u00e9nes somos?\u00bb text_orientation=\u00bbcenter\u00bb scroll_down_icon=\u00bb3&#8243; title_font=\u00bb|on|||\u00bb subhead_font_size=\u00bb20px\u00bb content_font_size=\u00bb25px\u00bb button_one_text_size=\u00bb20&#8243; button_two_text_size=\u00bb20&#8243; disabled=\u00bboff\u00bb background_color=\u00bbrgba(255, 255, 255, 0)\u00bb max_width_tablet=\u00bb50px\u00bb _builder_version=\u00bb3.15&#8243; subhead=\u00bbWapacha, Centros de Baile en Reus\u00bb \/][\/et_pb_section][et_pb_section bb_built=\u00bb1&#8243; admin_label=\u00bbsection\u00bb transparent_background=\u00bboff\u00bb allow_player_pause=\u00bboff\u00bb inner_shadow=\u00bboff\u00bb parallax=\u00bboff\u00bb parallax_method=\u00bbon\u00bb padding_mobile=\u00bboff\u00bb make_fullwidth=\u00bboff\u00bb use_custom_width=\u00bboff\u00bb width_unit=\u00bboff\u00bb custom_width_px=\u00bb1080px\u00bb custom_width_percent=\u00bb80{e47b2838832aeb2fe7266ccda2e36b01ee0d3353ef91ee8b5d270a3f08114494}\u00bb make_equal=\u00bboff\u00bb use_custom_gutter=\u00bboff\u00bb fullwidth=\u00bboff\u00bb specialty=\u00bboff\u00bb disabled=\u00bboff\u00bb custom_padding_tablet=\u00bb50px|0|50px|0&#8243; custom_padding_last_edited=\u00bbon|desktop\u00bb prev_background_color=\u00bb#c6006d\u00bb next_background_color=\u00bb#000000&#8243;][et_pb_row admin_label=\u00bbrow\u00bb make_fullwidth=\u00bboff\u00bb use_custom_width=\u00bboff\u00bb width_unit=\u00bboff\u00bb custom_width_px=\u00bb1080px\u00bb custom_width_percent=\u00bb80{e47b2838832aeb2fe7266ccda2e36b01ee0d3353ef91ee8b5d270a3f08114494}\u00bb use_custom_gutter=\u00bboff\u00bb gutter_width=\u00bb3&#8243; padding_mobile=\u00bboff\u00bb allow_player_pause=\u00bboff\u00bb parallax=\u00bboff\u00bb parallax_method=\u00bbon\u00bb make_equal=\u00bboff\u00bb column_padding_mobile=\u00bbon\u00bb parallax_1=\u00bboff\u00bb parallax_method_1=\u00bbon\u00bb parallax_2=\u00bboff\u00bb parallax_method_2=\u00bbon\u00bb parallax_3=\u00bboff\u00bb parallax_method_3=\u00bbon\u00bb parallax_4=\u00bboff\u00bb parallax_method_4=\u00bbon\u00bb disabled=\u00bboff\u00bb background_position=\u00bbtop_left\u00bb background_repeat=\u00bbrepeat\u00bb background_size=\u00bbinitial\u00bb][et_pb_column type=\u00bb1_2&#8243;][et_pb_text text_line_height=\u00bb1.8em\u00bb use_border_color=\u00bboff\u00bb disabled=\u00bboff\u00bb background_position=\u00bbtop_left\u00bb background_repeat=\u00bbrepeat\u00bb background_size=\u00bbinitial\u00bb _builder_version=\u00bb3.15&#8243;]<\/p>\n<p><span style=\"font-size: 18px;\">Los <strong>Centros de baile Wapacha de Reus<\/strong> son espacios destinados a la <strong>ense\u00f1anza de diferentes estilos de baile<\/strong> que nutren a la persona tanto f\u00edsico como mentalmente y que colaboran asimismo a su relaci\u00f3n social. <\/span><\/p>\n<p>Es por ello que en los centros de baile encontramos cursos para ambos sexos, por cualquier franja de edad y para cualquier individuo con m\u00e1s o menos capacidades.<\/p>\n<p>El baile, adem\u00e1s de ser divertido, es una potente herramienta para mantenerse en forma, que ayuda a mitigar el estr\u00e9s, y que tiene diferentes efectos positivos en el individuo:<\/p>\n<p><strong>A) Efectos F\u00edsicos:<\/strong><\/p>\n<p>\u2022 Sistema Cardiovascular y Respiratorio:<\/p>\n<p style=\"padding-left: 30px;\">\uf0d8 Bailar, como toda actividad f\u00edsica, aumenta el rendimiento de estos sistemas, mejorando el aporte de ox\u00edgeno y nutrientes a los tejidos.<br \/>\n\uf0d8 Regula la presi\u00f3n arterial.<\/p>\n<p>\u2022 Sistema Endocrino:<\/p>\n<p style=\"padding-left: 30px;\">\uf0d8 Evita el sedentarismo, previniendo el sobrepeso y, en grado superior, la obesidad. (260-365 calor\u00edas \/ hora).<br \/>\n\uf0d8 Favorece la movilizaci\u00f3n de las grasas.<br \/>\n\uf0d8 Aumenta el drenaje de l\u00edquidos y la eliminaci\u00f3n de toxinas a trav\u00e9s de la sudoraci\u00f3n.<br \/>\n\uf0d8 Reducci\u00f3n de los niveles de colesterol en sangre.<\/p>\n<p>\u2022 Aparato M\u00fasculo esquel\u00e9tico:<\/p>\n<p style=\"padding-left: 30px;\">\uf0d8 Mejora de la presencia f\u00edsica, mediante el trabajo de la correcci\u00f3n postural y de la alineaci\u00f3n corporal.<br \/>\n\uf0d8 Resultan fortalecidos los grupos musculares y aumenta la elasticidad de ligamentos y tendones. Como consecuencia se ve incrementada la flexibilidad, la fuerza y la resistencia.<br \/>\n\uf0d8 Se estimula el recambio \u00f3seo, con un efecto preventivo frente a los dolores articulares y la osteoporosis. Aumenta la calidad de vida.<\/p>\n<p>\u2022 Habilidades motrices:<\/p>\n<p style=\"padding-left: 30px;\">\uf0d8Desplazamientos, giros, saltos, equilibrio, agilidad, coordinaci\u00f3n de los movimientos, mejora de los reflejos<\/p>\n<p>&nbsp;<\/p>\n<p><strong>B) Efectos Psicol\u00f3gicos<\/strong><\/p>\n<p style=\"padding-left: 30px;\">\uf076 <strong>Habilidades comunicativas:<\/strong> mejora en el lenguaje verbal y no verbal<\/p>\n<p style=\"padding-left: 30px;\">\uf076 <strong>Habilidades cognitivas:<\/strong><\/p>\n<p style=\"padding-left: 60px;\">i. Pensamiento causal<br \/>\nii. Pensamiento alternativo<br \/>\niii. Pensamiento\u00a0<span class=\"hiddenSpellError\">consecuente<\/span><br \/>\niv. Pensamiento de perspectiva o empatia<br \/>\nv. Pensamiento medio-fin<\/p>\n<p style=\"padding-left: 60px;\">\uf0d8 Genera un proceso de auto conocimiento que lleva a un aumento de la autoestima y la comprensi\u00f3n, aceptaci\u00f3n y valoraci\u00f3n del propio<span id=\"\" class=\"hiddenGrammarError\" style=\"padding-bottom: 2px; background-image: url('..\/images\/squiggle.png'); background-repeat: repeat-x; background-position: left bottom; cursor: default; color: #666666; font-family: 'Open Sans', Helvetica, Arial, sans-serif; font-size: 16px; font-style: normal; font-variant-ligatures: normal; font-variant-caps: normal; font-weight: 300; letter-spacing: normal; orphans: 2; text-align: start; text-indent: 0px; text-transform: none; white-space: normal; widows: 2; word-spacing: 0px; -webkit-text-stroke-width: 0px; text-decoration-style: initial; text-decoration-color: initial;\">\u00a0<\/span>as\u00ed como del propio ser.<br \/>\nIncrementa la confianza en uno mismo y la claridad de pensamiento.<br \/>\n\uf0d8 Fomenta la creatividad y la expresi\u00f3n de la personalidad de cada individuo.<br \/>\n\uf0d8 Colabora en la adquisici\u00f3n de disciplina y autocontrol.<br \/>\n\uf0d8 Desarrolla la sensibilidad, la expresi\u00f3n corporal, la coordinaci\u00f3n, la memoria visual, el o\u00eddo musical y el sentido del ritmo.<br \/>\n\uf0d8 Con el simbolismo del movimiento del cuerpo podemos expresar emociones, afectos y sentimientos.<br \/>\n\uf0d8 Estimula la memoria, la concentraci\u00f3n y la capacidad de respuesta f\u00edsica a est\u00edmulos y \u00f3rdenes cerebrales.<br \/>\n\uf0d8 Canaliza la adrenalina y permite liberar tensiones.<br \/>\n\uf0d8 La liberaci\u00f3n de endorfinas produce una sensaci\u00f3n de placer y bienestar.<br \/>\n\uf0d8 Podemos conseguir un estado de relajaci\u00f3n que nos permitir\u00e1 desinhibirnos.<br \/>\n\uf0d8 Fortalece la psique del individuo, obteniendo unos efectos moderados, pero positivos sobre los estados depresivos, de ansiedad y de estr\u00e9s.<br \/>\n\uf0d8 Ayuda a combatir el insomnio.<\/p>\n<p>[\/et_pb_text][et_pb_text background_layout=\u00bblight\u00bb text_orientation=\u00bbleft\u00bb use_border_color=\u00bboff\u00bb border_style=\u00bbsolid\u00bb disabled=\u00bboff\u00bb background_position=\u00bbtop_left\u00bb background_repeat=\u00bbrepeat\u00bb background_size=\u00bbinitial\u00bb _builder_version=\u00bb3.15&#8243; \/][\/et_pb_column][et_pb_column type=\u00bb1_2&#8243;][et_pb_image src=\u00bbhttp:\/\/wapacha.cat\/wp-content\/uploads\/2018\/03\/wapacha-qui-som.jpg\u00bb show_in_lightbox=\u00bboff\u00bb url_new_window=\u00bboff\u00bb use_overlay=\u00bboff\u00bb sticky=\u00bboff\u00bb align=\u00bbleft\u00bb force_fullwidth=\u00bboff\u00bb always_center_on_mobile=\u00bbon\u00bb use_border_color=\u00bboff\u00bb border_color=\u00bb#ffffff\u00bb border_width=\u00bb1px\u00bb border_style=\u00bbsolid\u00bb disabled=\u00bboff\u00bb animation_style=\u00bbslide\u00bb animation_duration=\u00bb500ms\u00bb animation_intensity_slide=\u00bb10%\u00bb animation_direction=\u00bbleft\u00bb show_bottom_space=\u00bbon\u00bb \/][et_pb_text use_border_color=\u00bboff\u00bb disabled=\u00bboff\u00bb background_position=\u00bbtop_left\u00bb background_repeat=\u00bbrepeat\u00bb background_size=\u00bbinitial\u00bb _builder_version=\u00bb3.15&#8243;]<\/p>\n<p>&nbsp;<\/p>\n<p><strong> C) Efectos Socio educativos: mejora de las habilidades sociales <\/strong><\/p>\n<p style=\"padding-left: 30px;\">\uf0d8 Se trabaja la empat\u00eda, la inclusi\u00f3n, la relaci\u00f3n, la asertividad, afrontar la hostilidad y el des\u00e1nimo, resoluci\u00f3n de situaciones conflictivas, el trabajo en equipo, la mejora del acto concepto y de la autoestima<\/p>\n<p style=\"padding-left: 30px;\">\uf0d8 Permite vencer la timidez as\u00ed como otros problemas de socializaci\u00f3n<\/p>\n<p style=\"padding-left: 30px;\">\uf0d8 Se lleva a cabo en un contexto de relaciones sociales, lo que ayuda a combatir la soledad y evitar la tendencia al aislamiento voluntario<\/p>\n<p style=\"padding-left: 30px;\">\uf0d8 Posibilidad de compartir una misma afici\u00f3n con otras personas<\/p>\n<p style=\"padding-left: 30px;\">\uf0d8 Exposici\u00f3n a nuevas experiencias<\/p>\n<p style=\"padding-left: 30px;\">\uf0d8 Conocimiento del sexo contrario y mejora de las relaciones<\/p>\n<p style=\"padding-left: 30px;\">\uf0d8 Desarrollo de la cultura musical<\/p>\n<p style=\"padding-left: 30px;\">\uf0d8 Utilidad como instrumento pedag\u00f3gico en el desarrollo de \u00a0 determinadas aptitudes (expresi\u00f3n corporal, o\u00eddo musical &#8230;)<\/p>\n<p>&nbsp;<\/p>\n<p>&nbsp;<\/p>\n<h5><strong> \uf0fc Mejora de la coordinaci\u00f3n motriz <\/strong><\/h5>\n<p>&nbsp;<\/p>\n<h5><strong> \uf0fc Incremento de la agilidad y elasticidad <\/strong><\/h5>\n<p>&nbsp;<\/p>\n<h5><strong> \uf0fc Mejora de la capacidad de aprendizaje <\/strong><\/h5>\n<p>&nbsp;<\/p>\n<h5><strong> \uf0fc Elevaci\u00f3n de la autoestima <\/strong><\/h5>\n<p>&nbsp;<\/p>\n<h5><strong> \uf0fc Facilitar las relaciones personales <\/strong><\/h5>\n<p>&nbsp;<\/p>\n<h5><strong> \uf0fc Potenciar la inclusi\u00f3n social <\/strong><\/h5>\n<p>&nbsp;<\/p>\n<h5><strong> \uf0fc Y para los voluntarios: <\/strong><\/h5>\n<h5><strong> \u00a0 \u00a0 Reforzar la empat\u00eda hacia las personas discapacitadas <\/strong><\/h5>\n<h5><strong> \u00a0 \u00a0 mediante la convivencia <\/strong><\/h5>\n<p>[\/et_pb_text][\/et_pb_column][\/et_pb_row][\/et_pb_section]<\/p>","protected":false},"excerpt":{"rendered":"<p>Los Centros de baile Wapacha de Reus son espacios destinados a la ense\u00f1anza de diferentes estilos de baile que nutren a la persona tanto f\u00edsico como mentalmente y que colaboran asimismo a su relaci\u00f3n social. Es por ello que en los centros de baile encontramos cursos para ambos sexos, por cualquier franja de edad y [&hellip;]<\/p>\n","protected":false},"author":2,"featured_media":0,"parent":0,"menu_order":0,"comment_status":"closed","ping_status":"closed","template":"","meta":{"_et_pb_use_builder":"on","_et_pb_old_content":"","_et_gb_content_width":""},"_links":{"self":[{"href":"https:\/\/wapacha.cat\/es\/wp-json\/wp\/v2\/pages\/51"}],"collection":[{"href":"https:\/\/wapacha.cat\/es\/wp-json\/wp\/v2\/pages"}],"about":[{"href":"https:\/\/wapacha.cat\/es\/wp-json\/wp\/v2\/types\/page"}],"author":[{"embeddable":true,"href":"https:\/\/wapacha.cat\/es\/wp-json\/wp\/v2\/users\/2"}],"replies":[{"embeddable":true,"href":"https:\/\/wapacha.cat\/es\/wp-json\/wp\/v2\/comments?post=51"}],"version-history":[{"count":35,"href":"https:\/\/wapacha.cat\/es\/wp-json\/wp\/v2\/pages\/51\/revisions"}],"predecessor-version":[{"id":1200,"href":"https:\/\/wapacha.cat\/es\/wp-json\/wp\/v2\/pages\/51\/revisions\/1200"}],"wp:attachment":[{"href":"https:\/\/wapacha.cat\/es\/wp-json\/wp\/v2\/media?parent=51"}],"curies":[{"name":"wp","href":"https:\/\/api.w.org\/{rel}","templated":true}]}}