{"id":429,"date":"2018-03-05T17:16:43","date_gmt":"2018-03-05T17:16:43","guid":{"rendered":"http:\/\/wapacha.cat\/?page_id=429"},"modified":"2018-10-19T12:51:08","modified_gmt":"2018-10-19T12:51:08","slug":"noticies","status":"publish","type":"page","link":"https:\/\/wapacha.cat\/es\/noticies\/","title":{"rendered":"Noticias"},"content":{"rendered":"<p>[et_pb_section bb_built=\u00bb1&#8243; admin_label=\u00bbsection\u00bb transparent_background=\u00bboff\u00bb background_color=\u00bb#c6006d\u00bb allow_player_pause=\u00bboff\u00bb inner_shadow=\u00bboff\u00bb parallax=\u00bboff\u00bb parallax_method=\u00bbon\u00bb custom_padding=\u00bb0px||0px|\u00bb padding_mobile=\u00bboff\u00bb make_fullwidth=\u00bboff\u00bb use_custom_width=\u00bboff\u00bb width_unit=\u00bboff\u00bb custom_width_percent=\u00bb80&#8243; make_equal=\u00bboff\u00bb use_custom_gutter=\u00bboff\u00bb fullwidth=\u00bbon\u00bb specialty=\u00bboff\u00bb disabled=\u00bboff\u00bb custom_padding_tablet=\u00bb50px|0|50px|0&#8243; custom_padding_last_edited=\u00bbon|desktop\u00bb next_background_color=\u00bb#f7f7f7&#8243;][et_pb_fullwidth_header title=\u00bbNoticias\u00bb text_orientation=\u00bbcenter\u00bb scroll_down_icon=\u00bb3&#8243; disabled=\u00bboff\u00bb background_color=\u00bbrgba(255, 255, 255, 0)\u00bb _builder_version=\u00bb3.15&#8243; max_width_tablet=\u00bb50px\u00bb \/][\/et_pb_section][et_pb_section bb_built=\u00bb1&#8243; admin_label=\u00bbsection\u00bb fullwidth=\u00bboff\u00bb specialty=\u00bboff\u00bb background_color=\u00bb#f7f7f7&#8243; inner_shadow=\u00bboff\u00bb parallax=\u00bboff\u00bb prev_background_color=\u00bb#c6006d\u00bb][et_pb_row admin_label=\u00bbrow\u00bb background_position=\u00bbtop_left\u00bb background_repeat=\u00bbrepeat\u00bb background_size=\u00bbinitial\u00bb][et_pb_column type=\u00bb4_4&#8243;][et_pb_blog fullwidth=\u00bboff\u00bb posts_number=\u00bb18&#8243; show_thumbnail=\u00bbon\u00bb show_content=\u00bboff\u00bb show_author=\u00bboff\u00bb show_date=\u00bbon\u00bb show_categories=\u00bbon\u00bb show_pagination=\u00bbon\u00bb background_layout=\u00bblight\u00bb show_more=\u00bbon\u00bb show_comments=\u00bboff\u00bb offset_number=\u00bb0&#8243; use_overlay=\u00bboff\u00bb use_dropshadow=\u00bboff\u00bb use_border_color=\u00bboff\u00bb border_color=\u00bb#ffffff\u00bb border_style=\u00bbsolid\u00bb box_shadow_color=\u00bbrgba(0,0,0,0.3)\u00bb box_shadow_style=\u00bbnone\u00bb \/][\/et_pb_column][\/et_pb_row][\/et_pb_section]<\/p>","protected":false},"excerpt":{"rendered":"<p>Disculpa, pero esta entrada est\u00e1 disponible s\u00f3lo en Catal\u00e1n.<\/p>\n","protected":false},"author":2,"featured_media":0,"parent":0,"menu_order":0,"comment_status":"closed","ping_status":"closed","template":"","meta":{"_et_pb_use_builder":"on","_et_pb_old_content":"","_et_gb_content_width":""},"_links":{"self":[{"href":"https:\/\/wapacha.cat\/es\/wp-json\/wp\/v2\/pages\/429"}],"collection":[{"href":"https:\/\/wapacha.cat\/es\/wp-json\/wp\/v2\/pages"}],"about":[{"href":"https:\/\/wapacha.cat\/es\/wp-json\/wp\/v2\/types\/page"}],"author":[{"embeddable":true,"href":"https:\/\/wapacha.cat\/es\/wp-json\/wp\/v2\/users\/2"}],"replies":[{"embeddable":true,"href":"https:\/\/wapacha.cat\/es\/wp-json\/wp\/v2\/comments?post=429"}],"version-history":[{"count":13,"href":"https:\/\/wapacha.cat\/es\/wp-json\/wp\/v2\/pages\/429\/revisions"}],"predecessor-version":[{"id":1203,"href":"https:\/\/wapacha.cat\/es\/wp-json\/wp\/v2\/pages\/429\/revisions\/1203"}],"wp:attachment":[{"href":"https:\/\/wapacha.cat\/es\/wp-json\/wp\/v2\/media?parent=429"}],"curies":[{"name":"wp","href":"https:\/\/api.w.org\/{rel}","templated":true}]}}